{"id":78,"date":"2021-02-22T19:05:16","date_gmt":"2021-02-22T19:05:16","guid":{"rendered":"https:\/\/wekhconference.ca\/?page_id=78"},"modified":"2021-03-29T19:45:10","modified_gmt":"2021-03-29T19:45:10","slug":"session-recaps","status":"publish","type":"page","link":"https:\/\/wekhconference.ca\/fr\/session-recaps\/","title":{"rendered":"Session Recaps"},"content":{"rendered":"<div class=\"wpb-content-wrapper\"><div data-parent=\"true\" class=\"vc_row row-container\" id=\"row-unique-0\"><div class=\"row triple-top-padding quad-bottom-padding single-h-padding limit-width row-parent\"><div class=\"wpb_row row-inner\"><div class=\"wpb_column pos-top pos-center align_left column_parent col-lg-12 single-internal-gutter\"><div class=\"uncol style-light\"  ><div class=\"uncoltable\"><div class=\"uncell no-block-padding\" ><div class=\"uncont\" ><div class=\"vc_custom_heading_wrap\"><div class=\"heading-text el-text bottom-t-top animate_when_almost_visible\" ><h2 class=\"h2\" ><span>WEC Session Recaps<\/span><\/h2><\/div><div class=\"clear\"><\/div><\/div><div id=\"index-149080\" class=\"isotope-system isotope-general-light grid-general-light\" >\n\t\t\t\n\t\t\t\t\t\t\t\t\t\t\t\t\t\t<div class=\"isotope-wrapper grid-wrapper single-gutter\" >\t\t\t\t\t\t\t\t\t\t\t\t<div class=\"isotope-container grid-container isotope-layout style-masonry isotope-pagination grid-pagination\" data-type=\"masonry\" data-layout=\"fitRows\" data-lg=\"1000\" data-md=\"600\" data-sm=\"480\" data-vp-height=\"\">\t\t\t<div class=\"tmb atc-typography-inherit tmb-iso-w4 tmb-iso-h4 tmb-light tmb-overlay-text-anim tmb-overlay-anim tmb-content-left tmb-image-anim  grid-cat-5 tmb-id-295 tmb-img-ratio tmb-content-under tmb-media-first tmb-no-bg\" ><div class=\"t-inside animate_when_almost_visible bottom-t-top\" ><div class=\"t-entry-visual\"><div class=\"t-entry-visual-tc\"><div class=\"t-entry-visual-cont\"><div class=\"dummy\" style=\"padding-top: 50%;\"><\/div><a role=\"button\" tabindex=\"-1\" href=\"https:\/\/wekhconference.ca\/fr\/state-of-women-entrepreneurship-2021\/\" class=\"pushed\" target=\"_self\" data-lb-index=\"0\"><div class=\"t-entry-visual-overlay\"><div class=\"t-entry-visual-overlay-in style-dark-bg\" style=\"opacity: 0.5;\"><\/div><\/div><img decoding=\"async\" class=\"wp-image-650\" src=\"https:\/\/wekhconference.ca\/wp-content\/uploads\/2021\/03\/WEC_State-of-Womens-Entrepreneurship-4-1-uai-1021x510.jpg\" width=\"1021\" height=\"510\" alt=\"\" \/><\/a><\/div>\n\t\t\t\t\t<\/div>\n\t\t\t\t<\/div><div class=\"t-entry-text\">\n\t\t\t\t\t\t\t\t\t<div class=\"t-entry-text-tc single-block-padding\"><div class=\"t-entry\"><h3 class=\"t-entry-title h3 title-scale\"><a href=\"https:\/\/wekhconference.ca\/fr\/state-of-women-entrepreneurship-2021\/\" target=\"_self\">\u00c9tat des lieux de l'entrepreneuriat f\u00e9minin 2021<\/a><\/h3><p class=\"t-entry-meta\"><span class=\"t-entry-date\">mars 25, 2021<\/span><\/p><\/div><\/div>\n\t\t\t\t\t\t\t<\/div><\/div><\/div><div class=\"tmb atc-typography-inherit tmb-iso-w4 tmb-iso-h4 tmb-light tmb-overlay-text-anim tmb-overlay-anim tmb-content-left tmb-image-anim  grid-cat-5 tmb-id-232 tmb-img-ratio tmb-content-under tmb-media-first tmb-no-bg\" ><div class=\"t-inside animate_when_almost_visible bottom-t-top\" ><div class=\"t-entry-visual\"><div class=\"t-entry-visual-tc\"><div class=\"t-entry-visual-cont\"><div class=\"dummy\" style=\"padding-top: 50%;\"><\/div><a role=\"button\" tabindex=\"-1\" href=\"https:\/\/wekhconference.ca\/fr\/ecosystem-progress-challenges\/\" class=\"pushed\" target=\"_self\" data-lb-index=\"1\"><div class=\"t-entry-visual-overlay\"><div class=\"t-entry-visual-overlay-in style-dark-bg\" style=\"opacity: 0.5;\"><\/div><\/div><img decoding=\"async\" class=\"wp-image-328\" src=\"https:\/\/wekhconference.ca\/wp-content\/uploads\/2021\/03\/WEC_Ecoystem-Progess-and-Challenges-3-uai-1021x510.jpg\" width=\"1021\" height=\"510\" alt=\"\" \/><\/a><\/div>\n\t\t\t\t\t<\/div>\n\t\t\t\t<\/div><div class=\"t-entry-text\">\n\t\t\t\t\t\t\t\t\t<div class=\"t-entry-text-tc single-block-padding\"><div class=\"t-entry\"><h3 class=\"t-entry-title h3 title-scale\"><a href=\"https:\/\/wekhconference.ca\/fr\/ecosystem-progress-challenges\/\" target=\"_self\">Progr\u00e8s et d\u00e9fis au sein de l\u2019\u00e9cosyst\u00e8me<\/a><\/h3><p class=\"t-entry-meta\"><span class=\"t-entry-date\">mars 17, 2021<\/span><\/p><\/div><\/div>\n\t\t\t\t\t\t\t<\/div><\/div><\/div><div class=\"tmb atc-typography-inherit tmb-iso-w4 tmb-iso-h4 tmb-light tmb-overlay-text-anim tmb-overlay-anim tmb-content-left tmb-image-anim  grid-cat-5 tmb-id-176 tmb-img-ratio tmb-content-under tmb-media-first tmb-no-bg\" ><div class=\"t-inside animate_when_almost_visible bottom-t-top\" ><div class=\"t-entry-visual\"><div class=\"t-entry-visual-tc\"><div class=\"t-entry-visual-cont\"><div class=\"dummy\" style=\"padding-top: 50%;\"><\/div><a role=\"button\" tabindex=\"-1\" href=\"https:\/\/wekhconference.ca\/fr\/see-it-be-it-celebrating-successes-and-overcoming-obstacles-in-the-francophone-community\/\" class=\"pushed\" target=\"_self\" data-lb-index=\"2\"><div class=\"t-entry-visual-overlay\"><div class=\"t-entry-visual-overlay-in style-dark-bg\" style=\"opacity: 0.5;\"><\/div><\/div><img decoding=\"async\" class=\"wp-image-375\" src=\"https:\/\/wekhconference.ca\/wp-content\/uploads\/2021\/03\/WEC_See-It-Be-It-Francophone-uai-1021x510.jpg\" width=\"1021\" height=\"510\" alt=\"\" \/><\/a><\/div>\n\t\t\t\t\t<\/div>\n\t\t\t\t<\/div><div class=\"t-entry-text\">\n\t\t\t\t\t\t\t\t\t<div class=\"t-entry-text-tc single-block-padding\"><div class=\"t-entry\"><h3 class=\"t-entry-title h3 title-scale\"><a href=\"https:\/\/wekhconference.ca\/fr\/see-it-be-it-celebrating-successes-and-overcoming-obstacles-in-the-francophone-community\/\" target=\"_self\">S\u2019inspirer, Se r\u00e9aliser: C\u00e9l\u00e9brer les succ\u00e8s et surmonter les obstacles dans la communaut\u00e9 francophone<\/a><\/h3><p class=\"t-entry-meta\"><span class=\"t-entry-date\">mars 12, 2021<\/span><\/p><\/div><\/div>\n\t\t\t\t\t\t\t<\/div><\/div><\/div><div class=\"tmb atc-typography-inherit tmb-iso-w4 tmb-iso-h4 tmb-light tmb-overlay-text-anim tmb-overlay-anim tmb-content-left tmb-image-anim  grid-cat-5 tmb-id-171 tmb-img-ratio tmb-content-under tmb-media-first tmb-no-bg\" ><div class=\"t-inside animate_when_almost_visible bottom-t-top\" ><div class=\"t-entry-visual\"><div class=\"t-entry-visual-tc\"><div class=\"t-entry-visual-cont\"><div class=\"dummy\" style=\"padding-top: 50%;\"><\/div><a role=\"button\" tabindex=\"-1\" href=\"https:\/\/wekhconference.ca\/fr\/financing-pathways\/\" class=\"pushed\" target=\"_self\" data-lb-index=\"3\"><div class=\"t-entry-visual-overlay\"><div class=\"t-entry-visual-overlay-in style-dark-bg\" style=\"opacity: 0.5;\"><\/div><\/div><img decoding=\"async\" class=\"wp-image-329\" src=\"https:\/\/wekhconference.ca\/wp-content\/uploads\/2021\/03\/WEC_Financing-Pathways-3-uai-1021x510.jpg\" width=\"1021\" height=\"510\" alt=\"\" \/><\/a><\/div>\n\t\t\t\t\t<\/div>\n\t\t\t\t<\/div><div class=\"t-entry-text\">\n\t\t\t\t\t\t\t\t\t<div class=\"t-entry-text-tc single-block-padding\"><div class=\"t-entry\"><h3 class=\"t-entry-title h3 title-scale\"><a href=\"https:\/\/wekhconference.ca\/fr\/financing-pathways\/\" target=\"_self\">Voies de financement<\/a><\/h3><p class=\"t-entry-meta\"><span class=\"t-entry-date\">mars 11, 2021<\/span><\/p><\/div><\/div>\n\t\t\t\t\t\t\t<\/div><\/div><\/div><div class=\"tmb atc-typography-inherit tmb-iso-w4 tmb-iso-h4 tmb-light tmb-overlay-text-anim tmb-overlay-anim tmb-content-left tmb-image-anim  grid-cat-5 tmb-id-151 tmb-img-ratio tmb-content-under tmb-media-first tmb-no-bg\" ><div class=\"t-inside animate_when_almost_visible bottom-t-top\" ><div class=\"t-entry-visual\"><div class=\"t-entry-visual-tc\"><div class=\"t-entry-visual-cont\"><div class=\"dummy\" style=\"padding-top: 50%;\"><\/div><a role=\"button\" tabindex=\"-1\" href=\"https:\/\/wekhconference.ca\/fr\/see-it-be-it-crushing-entrepreneurial-stereotypes\/\" class=\"pushed\" target=\"_self\" data-lb-index=\"4\"><div class=\"t-entry-visual-overlay\"><div class=\"t-entry-visual-overlay-in style-dark-bg\" style=\"opacity: 0.5;\"><\/div><\/div><img decoding=\"async\" class=\"wp-image-327\" src=\"https:\/\/wekhconference.ca\/wp-content\/uploads\/2021\/03\/March-5-1-uai-1021x510.png\" width=\"1021\" height=\"510\" alt=\"\" \/><\/a><\/div>\n\t\t\t\t\t<\/div>\n\t\t\t\t<\/div><div class=\"t-entry-text\">\n\t\t\t\t\t\t\t\t\t<div class=\"t-entry-text-tc single-block-padding\"><div class=\"t-entry\"><h3 class=\"t-entry-title h3 title-scale\"><a href=\"https:\/\/wekhconference.ca\/fr\/see-it-be-it-crushing-entrepreneurial-stereotypes\/\" target=\"_self\">S\u2019inspirer. Se r\u00e9aliser. \u2013 Briser les st\u00e9r\u00e9otypes sur l\u2019entrepreneuriat<\/a><\/h3><p class=\"t-entry-meta\"><span class=\"t-entry-date\">mars 5, 2021<\/span><\/p><\/div><\/div>\n\t\t\t\t\t\t\t<\/div><\/div><\/div><div class=\"tmb atc-typography-inherit tmb-iso-w4 tmb-iso-h4 tmb-light tmb-overlay-text-anim tmb-overlay-anim tmb-content-left tmb-image-anim  grid-cat-5 tmb-id-84 tmb-img-ratio tmb-content-under tmb-media-first tmb-no-bg\" ><div class=\"t-inside animate_when_almost_visible bottom-t-top\" ><div class=\"t-entry-visual\"><div class=\"t-entry-visual-tc\"><div class=\"t-entry-visual-cont\"><div class=\"dummy\" style=\"padding-top: 50%;\"><\/div><a role=\"button\" tabindex=\"-1\" href=\"https:\/\/wekhconference.ca\/fr\/she-covery-the-role-of-womens-entrepreneurship-in-pandemic-recovery\/\" class=\"pushed\" target=\"_self\" data-lb-index=\"5\"><div class=\"t-entry-visual-overlay\"><div class=\"t-entry-visual-overlay-in style-dark-bg\" style=\"opacity: 0.5;\"><\/div><\/div><img decoding=\"async\" class=\"wp-image-333\" src=\"https:\/\/wekhconference.ca\/wp-content\/uploads\/2021\/02\/WEC_Shecovery-8-uai-1021x510.jpg\" width=\"1021\" height=\"510\" alt=\"\" \/><\/a><\/div>\n\t\t\t\t\t<\/div>\n\t\t\t\t<\/div><div class=\"t-entry-text\">\n\t\t\t\t\t\t\t\t\t<div class=\"t-entry-text-tc single-block-padding\"><div class=\"t-entry\"><h3 class=\"t-entry-title h3 title-scale\"><a href=\"https:\/\/wekhconference.ca\/fr\/she-covery-the-role-of-womens-entrepreneurship-in-pandemic-recovery\/\" target=\"_self\">She-Covery : Le r\u00f4le de l\u2019entrepreneuriat f\u00e9minin dans la reprise postpand\u00e9mique<\/a><\/h3><p class=\"t-entry-meta\"><span class=\"t-entry-date\">f\u00e9vrier 23, 2021<\/span><\/p><\/div><\/div>\n\t\t\t\t\t\t\t<\/div><\/div><\/div>\t\t<\/div>\t\n\t\n\n\t<\/div>\t\t\t\t<\/div>\n<div class=\"vc_custom_heading_wrap\"><div class=\"heading-text el-text bottom-t-top animate_when_almost_visible\" ><h2 class=\"h2\" ><span>Partner Event Session Recaps<\/span><\/h2><\/div><div class=\"clear\"><\/div><\/div><div id=\"index-149080\" class=\"isotope-system isotope-general-light grid-general-light\" >\n\t\t\t\n\t\t\t\t\t\t\t\t\t\t\t\t\t\t<div class=\"isotope-wrapper grid-wrapper single-gutter\" >\t\t\t\t\t\t\t\t\t\t\t\t<div class=\"isotope-container grid-container isotope-layout style-masonry isotope-pagination grid-pagination\" data-type=\"masonry\" data-layout=\"fitRows\" data-lg=\"1000\" data-md=\"600\" data-sm=\"480\" data-vp-height=\"\">\t\t\t<div class=\"tmb atc-typography-inherit tmb-iso-w4 tmb-iso-h4 tmb-light tmb-overlay-text-anim tmb-overlay-anim tmb-content-left tmb-image-anim  grid-cat-6 tmb-id-417 tmb-img-ratio tmb-content-under tmb-media-first tmb-no-bg\" ><div class=\"t-inside animate_when_almost_visible bottom-t-top\" ><div class=\"t-entry-visual\"><div class=\"t-entry-visual-tc\"><div class=\"t-entry-visual-cont\"><div class=\"dummy\" style=\"padding-top: 50%;\"><\/div><a role=\"button\" tabindex=\"-1\" href=\"https:\/\/wekhconference.ca\/fr\/entrepreneurial-quebec-a-year-since-the-beginning-of-the-pandemic\/\" class=\"pushed\" target=\"_self\" data-lb-index=\"0\"><div class=\"t-entry-visual-overlay\"><div class=\"t-entry-visual-overlay-in style-dark-bg\" style=\"opacity: 0.5;\"><\/div><\/div><img decoding=\"async\" class=\"wp-image-516\" src=\"https:\/\/wekhconference.ca\/wp-content\/uploads\/2021\/03\/atelier1_14fev-uai-1920x960.jpg\" width=\"1920\" height=\"960\" alt=\"\" \/><\/a><\/div>\n\t\t\t\t\t<\/div>\n\t\t\t\t<\/div><div class=\"t-entry-text\">\n\t\t\t\t\t\t\t\t\t<div class=\"t-entry-text-tc single-block-padding\"><div class=\"t-entry\"><h3 class=\"t-entry-title h3 title-scale\"><a href=\"https:\/\/wekhconference.ca\/fr\/entrepreneurial-quebec-a-year-since-the-beginning-of-the-pandemic\/\" target=\"_self\">Le Qu\u00e9bec entrepreneurial un an depuis le d\u00e9but de la pand\u00e9mie<\/a><\/h3><p class=\"t-entry-meta\"><span class=\"t-entry-date\">mars 23, 2021<\/span><\/p><\/div><\/div>\n\t\t\t\t\t\t\t<\/div><\/div><\/div><div class=\"tmb atc-typography-inherit tmb-iso-w4 tmb-iso-h4 tmb-light tmb-overlay-text-anim tmb-overlay-anim tmb-content-left tmb-image-anim  grid-cat-6 tmb-id-407 tmb-img-ratio tmb-content-under tmb-media-first tmb-no-bg\" ><div class=\"t-inside animate_when_almost_visible bottom-t-top\" ><div class=\"t-entry-visual\"><div class=\"t-entry-visual-tc\"><div class=\"t-entry-visual-cont\"><div class=\"dummy\" style=\"padding-top: 50%;\"><\/div><a role=\"button\" tabindex=\"-1\" href=\"https:\/\/wekhconference.ca\/fr\/contemporary-and-global-perspectives-on-indigenous-innovation\/\" class=\"pushed\" target=\"_self\" data-lb-index=\"1\"><div class=\"t-entry-visual-overlay\"><div class=\"t-entry-visual-overlay-in style-dark-bg\" style=\"opacity: 0.5;\"><\/div><\/div><img decoding=\"async\" class=\"wp-image-654\" src=\"https:\/\/wekhconference.ca\/wp-content\/uploads\/2021\/03\/Contemporary-and-Global-Perspectives-on-Indigenous-Innovation-2-uai-2154x1077.jpg\" width=\"2154\" height=\"1077\" alt=\"\" \/><\/a><\/div>\n\t\t\t\t\t<\/div>\n\t\t\t\t<\/div><div class=\"t-entry-text\">\n\t\t\t\t\t\t\t\t\t<div class=\"t-entry-text-tc single-block-padding\"><div class=\"t-entry\"><h3 class=\"t-entry-title h3 title-scale\"><a href=\"https:\/\/wekhconference.ca\/fr\/contemporary-and-global-perspectives-on-indigenous-innovation\/\" target=\"_self\">Perspectives contemporaines et mondiales sur l'innovation autochtone<\/a><\/h3><p class=\"t-entry-meta\"><span class=\"t-entry-date\">mars 18, 2021<\/span><\/p><\/div><\/div>\n\t\t\t\t\t\t\t<\/div><\/div><\/div><div class=\"tmb atc-typography-inherit tmb-iso-w4 tmb-iso-h4 tmb-light tmb-overlay-text-anim tmb-overlay-anim tmb-content-left tmb-image-anim  grid-cat-6 tmb-id-399 tmb-img-ratio tmb-content-under tmb-media-first tmb-no-bg\" ><div class=\"t-inside animate_when_almost_visible bottom-t-top\" ><div class=\"t-entry-visual\"><div class=\"t-entry-visual-tc\"><div class=\"t-entry-visual-cont\"><div class=\"dummy\" style=\"padding-top: 50%;\"><\/div><a role=\"button\" tabindex=\"-1\" href=\"https:\/\/wekhconference.ca\/fr\/wekh-x-mlt-aikins-intellectual-property-protecting-your-ag-brand\/\" class=\"pushed\" target=\"_self\" data-lb-index=\"2\"><div class=\"t-entry-visual-overlay\"><div class=\"t-entry-visual-overlay-in style-dark-bg\" style=\"opacity: 0.5;\"><\/div><\/div><img decoding=\"async\" class=\"wp-image-458\" src=\"https:\/\/wekhconference.ca\/wp-content\/uploads\/2021\/03\/https___cdn.evbuc_.com_images_125911979_263480745407_1_original-1-3.jpg\" width=\"800\" height=\"400\" alt=\"\" srcset=\"https:\/\/wekhconference.ca\/wp-content\/uploads\/2021\/03\/https___cdn.evbuc_.com_images_125911979_263480745407_1_original-1-3.jpg 800w, https:\/\/wekhconference.ca\/wp-content\/uploads\/2021\/03\/https___cdn.evbuc_.com_images_125911979_263480745407_1_original-1-3-300x150.jpg 300w, https:\/\/wekhconference.ca\/wp-content\/uploads\/2021\/03\/https___cdn.evbuc_.com_images_125911979_263480745407_1_original-1-3-768x384.jpg 768w, https:\/\/wekhconference.ca\/wp-content\/uploads\/2021\/03\/https___cdn.evbuc_.com_images_125911979_263480745407_1_original-1-3-16x8.jpg 16w\" sizes=\"(max-width: 800px) 100vw, 800px\" \/><\/a><\/div>\n\t\t\t\t\t<\/div>\n\t\t\t\t<\/div><div class=\"t-entry-text\">\n\t\t\t\t\t\t\t\t\t<div class=\"t-entry-text-tc single-block-padding\"><div class=\"t-entry\"><h3 class=\"t-entry-title h3 title-scale\"><a href=\"https:\/\/wekhconference.ca\/fr\/wekh-x-mlt-aikins-intellectual-property-protecting-your-ag-brand\/\" target=\"_self\">PCFE x MLT Aikins : Propri\u00e9t\u00e9 intellectuelle et protection de votre marque de produits agricoles<\/a><\/h3><p class=\"t-entry-meta\"><span class=\"t-entry-date\">mars 10, 2021<\/span><\/p><\/div><\/div>\n\t\t\t\t\t\t\t<\/div><\/div><\/div><div class=\"tmb atc-typography-inherit tmb-iso-w4 tmb-iso-h4 tmb-light tmb-overlay-text-anim tmb-overlay-anim tmb-content-left tmb-image-anim  grid-cat-6 tmb-id-443 tmb-img-ratio tmb-content-under tmb-media-first tmb-no-bg\" ><div class=\"t-inside animate_when_almost_visible bottom-t-top\" ><div class=\"t-entry-visual\"><div class=\"t-entry-visual-tc\"><div class=\"t-entry-visual-cont\"><div class=\"dummy\" style=\"padding-top: 50%;\"><\/div><a role=\"button\" tabindex=\"-1\" href=\"https:\/\/wekhconference.ca\/fr\/the-resiliency-of-francophone-women-entrepreneurs\/\" class=\"pushed\" target=\"_self\" data-lb-index=\"3\"><div class=\"t-entry-visual-overlay\"><div class=\"t-entry-visual-overlay-in style-dark-bg\" style=\"opacity: 0.5;\"><\/div><\/div><img decoding=\"async\" class=\"wp-image-461\" src=\"https:\/\/wekhconference.ca\/wp-content\/uploads\/2021\/03\/8mars_Kelly_Burke-uai-2937x1468.png\" width=\"2937\" height=\"1468\" alt=\"\" \/><\/a><\/div>\n\t\t\t\t\t<\/div>\n\t\t\t\t<\/div><div class=\"t-entry-text\">\n\t\t\t\t\t\t\t\t\t<div class=\"t-entry-text-tc single-block-padding\"><div class=\"t-entry\"><h3 class=\"t-entry-title h3 title-scale\"><a href=\"https:\/\/wekhconference.ca\/fr\/the-resiliency-of-francophone-women-entrepreneurs\/\" target=\"_self\">La r\u00e9silience des femmes entrepreneures francophones<\/a><\/h3><p class=\"t-entry-meta\"><span class=\"t-entry-date\">mars 8, 2021<\/span><\/p><\/div><\/div>\n\t\t\t\t\t\t\t<\/div><\/div><\/div><div class=\"tmb atc-typography-inherit tmb-iso-w4 tmb-iso-h4 tmb-light tmb-overlay-text-anim tmb-overlay-anim tmb-content-left tmb-image-anim  grid-cat-6 tmb-id-382 tmb-img-ratio tmb-content-under tmb-media-first tmb-no-bg\" ><div class=\"t-inside animate_when_almost_visible bottom-t-top\" ><div class=\"t-entry-visual\"><div class=\"t-entry-visual-tc\"><div class=\"t-entry-visual-cont\"><div class=\"dummy\" style=\"padding-top: 50%;\"><\/div><a role=\"button\" tabindex=\"-1\" href=\"https:\/\/wekhconference.ca\/fr\/international-womens-day-celebration\/\" class=\"pushed\" target=\"_self\" data-lb-index=\"4\"><div class=\"t-entry-visual-overlay\"><div class=\"t-entry-visual-overlay-in style-dark-bg\" style=\"opacity: 0.5;\"><\/div><\/div><img decoding=\"async\" class=\"wp-image-456\" src=\"https:\/\/wekhconference.ca\/wp-content\/uploads\/2021\/03\/BCS-04-IWD_Social-Post-1080px-x-1080px_1249960232-1-1-3-uai-1080x540.png\" width=\"1080\" height=\"540\" alt=\"\" \/><\/a><\/div>\n\t\t\t\t\t<\/div>\n\t\t\t\t<\/div><div class=\"t-entry-text\">\n\t\t\t\t\t\t\t\t\t<div class=\"t-entry-text-tc single-block-padding\"><div class=\"t-entry\"><h3 class=\"t-entry-title h3 title-scale\"><a href=\"https:\/\/wekhconference.ca\/fr\/international-womens-day-celebration\/\" target=\"_self\">C\u00e9l\u00e9bration de la Journ\u00e9e internationale de la femme<\/a><\/h3><p class=\"t-entry-meta\"><span class=\"t-entry-date\">mars 8, 2021<\/span><\/p><\/div><\/div>\n\t\t\t\t\t\t\t<\/div><\/div><\/div>\t\t<\/div>\t\n\t\n\n\t<\/div>\t\t\t\t<\/div>\n<\/div><\/div><\/div><\/div><\/div><script id=\"script-row-unique-0\" data-row=\"script-row-unique-0\" type=\"text\/javascript\" class=\"vc_controls\">UNCODE.initRow(document.getElementById(\"row-unique-0\"));<\/script><\/div><\/div><\/div>\n<\/div>","protected":false},"excerpt":{"rendered":"<p>Recap posts of 2021&#8217;s Women Entrepreneurship Conference sessions.<\/p>","protected":false},"author":1,"featured_media":0,"parent":0,"menu_order":0,"comment_status":"closed","ping_status":"closed","template":"","meta":{"footnotes":""},"class_list":["post-78","page","type-page","status-publish","hentry"],"yoast_head":"<!-- This site is optimized with the Yoast SEO plugin v27.5 - https:\/\/yoast.com\/product\/yoast-seo-wordpress\/ -->\n<title>Session Recaps - Women Entrepreneurship Conference 2021<\/title>\n<meta name=\"robots\" content=\"index, follow, max-snippet:-1, max-image-preview:large, max-video-preview:-1\" \/>\n<link rel=\"canonical\" href=\"https:\/\/wekhconference.ca\/fr\/session-recaps\/\" \/>\n<meta property=\"og:locale\" content=\"fr_CA\" \/>\n<meta property=\"og:type\" content=\"article\" \/>\n<meta property=\"og:title\" content=\"Session Recaps - Women Entrepreneurship Conference 2021\" \/>\n<meta property=\"og:description\" content=\"Recap posts of 2021&#039;s Women Entrepreneurship Conference sessions.\" \/>\n<meta property=\"og:url\" content=\"https:\/\/wekhconference.ca\/fr\/session-recaps\/\" \/>\n<meta property=\"og:site_name\" content=\"Women Entrepreneurship Conference 2021\" \/>\n<meta property=\"article:modified_time\" content=\"2021-03-29T19:45:10+00:00\" \/>\n<meta name=\"twitter:card\" content=\"summary_large_image\" \/>\n<meta name=\"twitter:label1\" content=\"Estimation du temps de lecture\" \/>\n\t<meta name=\"twitter:data1\" content=\"1 minute\" \/>\n<script type=\"application\/ld+json\" class=\"yoast-schema-graph\">{\"@context\":\"https:\\\/\\\/schema.org\",\"@graph\":[{\"@type\":\"WebPage\",\"@id\":\"https:\\\/\\\/wekhconference.ca\\\/fr\\\/session-recaps\\\/\",\"url\":\"https:\\\/\\\/wekhconference.ca\\\/fr\\\/session-recaps\\\/\",\"name\":\"Session Recaps - Women Entrepreneurship Conference 2021\",\"isPartOf\":{\"@id\":\"https:\\\/\\\/wekhconference.ca\\\/#website\"},\"datePublished\":\"2021-02-22T19:05:16+00:00\",\"dateModified\":\"2021-03-29T19:45:10+00:00\",\"breadcrumb\":{\"@id\":\"https:\\\/\\\/wekhconference.ca\\\/fr\\\/session-recaps\\\/#breadcrumb\"},\"inLanguage\":\"fr-CA\",\"potentialAction\":[{\"@type\":\"ReadAction\",\"target\":[\"https:\\\/\\\/wekhconference.ca\\\/fr\\\/session-recaps\\\/\"]}]},{\"@type\":\"BreadcrumbList\",\"@id\":\"https:\\\/\\\/wekhconference.ca\\\/fr\\\/session-recaps\\\/#breadcrumb\",\"itemListElement\":[{\"@type\":\"ListItem\",\"position\":1,\"name\":\"Home\",\"item\":\"https:\\\/\\\/wekhconference.ca\\\/\"},{\"@type\":\"ListItem\",\"position\":2,\"name\":\"Session Recaps\"}]},{\"@type\":\"WebSite\",\"@id\":\"https:\\\/\\\/wekhconference.ca\\\/#website\",\"url\":\"https:\\\/\\\/wekhconference.ca\\\/\",\"name\":\"Women Entrepreneurship Conference 2021\",\"description\":\"The 2021 Women Entrepreneurship Conference, presented by the Women Entrepreneurship Knowledge Hub (WEKH) in partnership with Women\u2019s Enterprise Organizations of Canada (WEOC), will bring together leaders in the entrepreneurship ecosystem to examine how women entrepreneurs can help Canada build back better.\",\"potentialAction\":[{\"@type\":\"SearchAction\",\"target\":{\"@type\":\"EntryPoint\",\"urlTemplate\":\"https:\\\/\\\/wekhconference.ca\\\/?s={search_term_string}\"},\"query-input\":{\"@type\":\"PropertyValueSpecification\",\"valueRequired\":true,\"valueName\":\"search_term_string\"}}],\"inLanguage\":\"fr-CA\"}]}<\/script>\n<!-- \/ Yoast SEO plugin. -->","yoast_head_json":{"title":"Session Recaps - Women Entrepreneurship Conference 2021","robots":{"index":"index","follow":"follow","max-snippet":"max-snippet:-1","max-image-preview":"max-image-preview:large","max-video-preview":"max-video-preview:-1"},"canonical":"https:\/\/wekhconference.ca\/fr\/session-recaps\/","og_locale":"fr_CA","og_type":"article","og_title":"Session Recaps - Women Entrepreneurship Conference 2021","og_description":"Recap posts of 2021's Women Entrepreneurship Conference sessions.","og_url":"https:\/\/wekhconference.ca\/fr\/session-recaps\/","og_site_name":"Women Entrepreneurship Conference 2021","article_modified_time":"2021-03-29T19:45:10+00:00","twitter_card":"summary_large_image","twitter_misc":{"Estimation du temps de lecture":"1 minute"},"schema":{"@context":"https:\/\/schema.org","@graph":[{"@type":"WebPage","@id":"https:\/\/wekhconference.ca\/fr\/session-recaps\/","url":"https:\/\/wekhconference.ca\/fr\/session-recaps\/","name":"Session Recaps - Women Entrepreneurship Conference 2021","isPartOf":{"@id":"https:\/\/wekhconference.ca\/#website"},"datePublished":"2021-02-22T19:05:16+00:00","dateModified":"2021-03-29T19:45:10+00:00","breadcrumb":{"@id":"https:\/\/wekhconference.ca\/fr\/session-recaps\/#breadcrumb"},"inLanguage":"fr-CA","potentialAction":[{"@type":"ReadAction","target":["https:\/\/wekhconference.ca\/fr\/session-recaps\/"]}]},{"@type":"BreadcrumbList","@id":"https:\/\/wekhconference.ca\/fr\/session-recaps\/#breadcrumb","itemListElement":[{"@type":"ListItem","position":1,"name":"Home","item":"https:\/\/wekhconference.ca\/"},{"@type":"ListItem","position":2,"name":"Session Recaps"}]},{"@type":"WebSite","@id":"https:\/\/wekhconference.ca\/#website","url":"https:\/\/wekhconference.ca\/","name":"Women Entrepreneurship Conference 2021","description":"Pendant un mois, la Conf\u00e9rence sur les femmes en entrepreneuriat 2021 propose gratuitement une s\u00e9rie d\u2019\u00e9v\u00e9nements pr\u00e9sent\u00e9s par le Portail de connaissances pour les femmes en entrepreneuriat (PCFE) en partenariat avec Women\u2019s Enterprise Organizations of Canada (WEOC).","potentialAction":[{"@type":"SearchAction","target":{"@type":"EntryPoint","urlTemplate":"https:\/\/wekhconference.ca\/?s={search_term_string}"},"query-input":{"@type":"PropertyValueSpecification","valueRequired":true,"valueName":"search_term_string"}}],"inLanguage":"fr-CA"}]}},"_links":{"self":[{"href":"https:\/\/wekhconference.ca\/fr\/wp-json\/wp\/v2\/pages\/78","targetHints":{"allow":["GET"]}}],"collection":[{"href":"https:\/\/wekhconference.ca\/fr\/wp-json\/wp\/v2\/pages"}],"about":[{"href":"https:\/\/wekhconference.ca\/fr\/wp-json\/wp\/v2\/types\/page"}],"author":[{"embeddable":true,"href":"https:\/\/wekhconference.ca\/fr\/wp-json\/wp\/v2\/users\/1"}],"replies":[{"embeddable":true,"href":"https:\/\/wekhconference.ca\/fr\/wp-json\/wp\/v2\/comments?post=78"}],"version-history":[{"count":24,"href":"https:\/\/wekhconference.ca\/fr\/wp-json\/wp\/v2\/pages\/78\/revisions"}],"predecessor-version":[{"id":672,"href":"https:\/\/wekhconference.ca\/fr\/wp-json\/wp\/v2\/pages\/78\/revisions\/672"}],"wp:attachment":[{"href":"https:\/\/wekhconference.ca\/fr\/wp-json\/wp\/v2\/media?parent=78"}],"curies":[{"name":"wp","href":"https:\/\/api.w.org\/{rel}","templated":true}]}}